{"id":12,"date":"2021-07-12T13:57:35","date_gmt":"2021-07-12T13:57:35","guid":{"rendered":"https:\/\/elitlak.hu\/?page_id=12"},"modified":"2021-07-31T11:25:11","modified_gmt":"2021-07-31T11:25:11","slug":"kapcsolat","status":"publish","type":"page","link":"https:\/\/elitlak.hu\/?page_id=12","title":{"rendered":"Kapcsolat"},"content":{"rendered":"\n<p>Telefonsz\u00e1m<\/p>\n\n\n\n<p>E-mail: elitlakinfo@gmail.com<\/p>\n\n\n\n<p><\/p>\n\n\n\n<p><\/p>\n","protected":false},"excerpt":{"rendered":"<p>Telefonsz\u00e1m E-mail: elitlakinfo@gmail.com<\/p>\n","protected":false},"author":1,"featured_media":0,"parent":0,"menu_order":0,"comment_status":"closed","ping_status":"closed","template":"","meta":{"footnotes":""},"class_list":["post-12","page","type-page","status-publish","hentry"],"yoast_head":"<!-- This site is optimized with the Yoast SEO plugin v16.7 - https:\/\/yoast.com\/wordpress\/plugins\/seo\/ -->\n<title>Kapcsolat - Elit-lak<\/title>\n<meta name=\"robots\" content=\"noindex, follow, max-snippet:-1, max-image-preview:large, max-video-preview:-1\" \/>\n<meta property=\"og:locale\" content=\"hu_HU\" \/>\n<meta property=\"og:type\" content=\"article\" \/>\n<meta property=\"og:title\" content=\"Kapcsolat - Elit-lak\" \/>\n<meta property=\"og:description\" content=\"Telefonsz\u00e1m E-mail: elitlakinfo@gmail.com\" \/>\n<meta property=\"og:url\" content=\"https:\/\/elitlak.hu\/?page_id=12\" \/>\n<meta property=\"og:site_name\" content=\"Elit-lak\" \/>\n<meta property=\"article:modified_time\" content=\"2021-07-31T11:25:11+00:00\" \/>\n<meta name=\"twitter:card\" content=\"summary_large_image\" \/>\n<meta name=\"twitter:label1\" content=\"Becs\u00fclt olvas\u00e1si id\u0151\" \/>\n\t<meta name=\"twitter:data1\" content=\"1 perc\" \/>\n<script type=\"application\/ld+json\" class=\"yoast-schema-graph\">{\"@context\":\"https:\/\/schema.org\",\"@graph\":[{\"@type\":\"WebSite\",\"@id\":\"https:\/\/elitlak.hu\/#website\",\"url\":\"https:\/\/elitlak.hu\/\",\"name\":\"Elit-lak\",\"description\":\"\",\"potentialAction\":[{\"@type\":\"SearchAction\",\"target\":{\"@type\":\"EntryPoint\",\"urlTemplate\":\"https:\/\/elitlak.hu\/?s={search_term_string}\"},\"query-input\":\"required name=search_term_string\"}],\"inLanguage\":\"hu\"},{\"@type\":\"WebPage\",\"@id\":\"https:\/\/elitlak.hu\/?page_id=12#webpage\",\"url\":\"https:\/\/elitlak.hu\/?page_id=12\",\"name\":\"Kapcsolat - Elit-lak\",\"isPartOf\":{\"@id\":\"https:\/\/elitlak.hu\/#website\"},\"datePublished\":\"2021-07-12T13:57:35+00:00\",\"dateModified\":\"2021-07-31T11:25:11+00:00\",\"breadcrumb\":{\"@id\":\"https:\/\/elitlak.hu\/?page_id=12#breadcrumb\"},\"inLanguage\":\"hu\",\"potentialAction\":[{\"@type\":\"ReadAction\",\"target\":[\"https:\/\/elitlak.hu\/?page_id=12\"]}]},{\"@type\":\"BreadcrumbList\",\"@id\":\"https:\/\/elitlak.hu\/?page_id=12#breadcrumb\",\"itemListElement\":[{\"@type\":\"ListItem\",\"position\":1,\"name\":\"Kezd\\u0151lap\",\"item\":\"https:\/\/elitlak.hu\/\"},{\"@type\":\"ListItem\",\"position\":2,\"name\":\"Kapcsolat\"}]}]}<\/script>\n<!-- \/ Yoast SEO plugin. -->","yoast_head_json":{"title":"Kapcsolat - Elit-lak","robots":{"index":"noindex","follow":"follow","max-snippet":"max-snippet:-1","max-image-preview":"max-image-preview:large","max-video-preview":"max-video-preview:-1"},"og_locale":"hu_HU","og_type":"article","og_title":"Kapcsolat - Elit-lak","og_description":"Telefonsz\u00e1m E-mail: elitlakinfo@gmail.com","og_url":"https:\/\/elitlak.hu\/?page_id=12","og_site_name":"Elit-lak","article_modified_time":"2021-07-31T11:25:11+00:00","twitter_card":"summary_large_image","twitter_misc":{"Becs\u00fclt olvas\u00e1si id\u0151":"1 perc"},"schema":{"@context":"https:\/\/schema.org","@graph":[{"@type":"WebSite","@id":"https:\/\/elitlak.hu\/#website","url":"https:\/\/elitlak.hu\/","name":"Elit-lak","description":"","potentialAction":[{"@type":"SearchAction","target":{"@type":"EntryPoint","urlTemplate":"https:\/\/elitlak.hu\/?s={search_term_string}"},"query-input":"required name=search_term_string"}],"inLanguage":"hu"},{"@type":"WebPage","@id":"https:\/\/elitlak.hu\/?page_id=12#webpage","url":"https:\/\/elitlak.hu\/?page_id=12","name":"Kapcsolat - Elit-lak","isPartOf":{"@id":"https:\/\/elitlak.hu\/#website"},"datePublished":"2021-07-12T13:57:35+00:00","dateModified":"2021-07-31T11:25:11+00:00","breadcrumb":{"@id":"https:\/\/elitlak.hu\/?page_id=12#breadcrumb"},"inLanguage":"hu","potentialAction":[{"@type":"ReadAction","target":["https:\/\/elitlak.hu\/?page_id=12"]}]},{"@type":"BreadcrumbList","@id":"https:\/\/elitlak.hu\/?page_id=12#breadcrumb","itemListElement":[{"@type":"ListItem","position":1,"name":"Kezd\u0151lap","item":"https:\/\/elitlak.hu\/"},{"@type":"ListItem","position":2,"name":"Kapcsolat"}]}]}},"_links":{"self":[{"href":"https:\/\/elitlak.hu\/index.php?rest_route=\/wp\/v2\/pages\/12","targetHints":{"allow":["GET"]}}],"collection":[{"href":"https:\/\/elitlak.hu\/index.php?rest_route=\/wp\/v2\/pages"}],"about":[{"href":"https:\/\/elitlak.hu\/index.php?rest_route=\/wp\/v2\/types\/page"}],"author":[{"embeddable":true,"href":"https:\/\/elitlak.hu\/index.php?rest_route=\/wp\/v2\/users\/1"}],"replies":[{"embeddable":true,"href":"https:\/\/elitlak.hu\/index.php?rest_route=%2Fwp%2Fv2%2Fcomments&post=12"}],"version-history":[{"count":3,"href":"https:\/\/elitlak.hu\/index.php?rest_route=\/wp\/v2\/pages\/12\/revisions"}],"predecessor-version":[{"id":144,"href":"https:\/\/elitlak.hu\/index.php?rest_route=\/wp\/v2\/pages\/12\/revisions\/144"}],"wp:attachment":[{"href":"https:\/\/elitlak.hu\/index.php?rest_route=%2Fwp%2Fv2%2Fmedia&parent=12"}],"curies":[{"name":"wp","href":"https:\/\/api.w.org\/{rel}","templated":true}]}}