{"id":212,"date":"2021-09-16T08:52:14","date_gmt":"2021-09-16T08:52:14","guid":{"rendered":"https:\/\/elitlak.hu\/?page_id=212"},"modified":"2021-09-16T09:21:41","modified_gmt":"2021-09-16T09:21:41","slug":"szarazepiteszetgipszkarton-szereles","status":"publish","type":"page","link":"https:\/\/elitlak.hu\/?page_id=212","title":{"rendered":"Sz\u00e1raz\u00e9p\u00edt\u00e9szet,gipszkarton szerel\u00e9s"},"content":{"rendered":"\n<p>V\u00e1llaljuk gipszkarton burkolatok, fal \u00e9s \u00e1lmennyezet k\u00e9sz\u00edt\u00e9s\u00e9t.Gyors,tiszta,kev\u00e9s hullad\u00e9kkal j\u00e1r\u00f3 \u00e9p\u00edt\u00e9si m\u00f3d.<\/p>\n","protected":false},"excerpt":{"rendered":"<p>V\u00e1llaljuk gipszkarton burkolatok, fal \u00e9s \u00e1lmennyezet k\u00e9sz\u00edt\u00e9s\u00e9t.Gyors,tiszta,kev\u00e9s hullad\u00e9kkal j\u00e1r\u00f3 \u00e9p\u00edt\u00e9si m\u00f3d.<\/p>\n","protected":false},"author":3,"featured_media":0,"parent":0,"menu_order":0,"comment_status":"closed","ping_status":"closed","template":"","meta":{"footnotes":""},"class_list":["post-212","page","type-page","status-publish","hentry"],"yoast_head":"<!-- This site is optimized with the Yoast SEO plugin v16.7 - https:\/\/yoast.com\/wordpress\/plugins\/seo\/ -->\n<title>Sz\u00e1raz\u00e9p\u00edt\u00e9szet,gipszkarton szerel\u00e9s - Elit-lak<\/title>\n<meta name=\"robots\" content=\"noindex, follow, max-snippet:-1, max-image-preview:large, max-video-preview:-1\" \/>\n<meta property=\"og:locale\" content=\"hu_HU\" \/>\n<meta property=\"og:type\" content=\"article\" \/>\n<meta property=\"og:title\" content=\"Sz\u00e1raz\u00e9p\u00edt\u00e9szet,gipszkarton szerel\u00e9s - Elit-lak\" \/>\n<meta property=\"og:description\" content=\"V\u00e1llaljuk gipszkarton burkolatok, fal \u00e9s \u00e1lmennyezet k\u00e9sz\u00edt\u00e9s\u00e9t.Gyors,tiszta,kev\u00e9s hullad\u00e9kkal j\u00e1r\u00f3 \u00e9p\u00edt\u00e9si m\u00f3d.\" \/>\n<meta property=\"og:url\" content=\"https:\/\/elitlak.hu\/?page_id=212\" \/>\n<meta property=\"og:site_name\" content=\"Elit-lak\" \/>\n<meta property=\"article:modified_time\" content=\"2021-09-16T09:21:41+00:00\" \/>\n<meta name=\"twitter:card\" content=\"summary_large_image\" \/>\n<meta name=\"twitter:label1\" content=\"Becs\u00fclt olvas\u00e1si id\u0151\" \/>\n\t<meta name=\"twitter:data1\" content=\"1 perc\" \/>\n<script type=\"application\/ld+json\" class=\"yoast-schema-graph\">{\"@context\":\"https:\/\/schema.org\",\"@graph\":[{\"@type\":\"WebSite\",\"@id\":\"https:\/\/elitlak.hu\/#website\",\"url\":\"https:\/\/elitlak.hu\/\",\"name\":\"Elit-lak\",\"description\":\"\",\"potentialAction\":[{\"@type\":\"SearchAction\",\"target\":{\"@type\":\"EntryPoint\",\"urlTemplate\":\"https:\/\/elitlak.hu\/?s={search_term_string}\"},\"query-input\":\"required name=search_term_string\"}],\"inLanguage\":\"hu\"},{\"@type\":\"WebPage\",\"@id\":\"https:\/\/elitlak.hu\/?page_id=212#webpage\",\"url\":\"https:\/\/elitlak.hu\/?page_id=212\",\"name\":\"Sz\\u00e1raz\\u00e9p\\u00edt\\u00e9szet,gipszkarton szerel\\u00e9s - Elit-lak\",\"isPartOf\":{\"@id\":\"https:\/\/elitlak.hu\/#website\"},\"datePublished\":\"2021-09-16T08:52:14+00:00\",\"dateModified\":\"2021-09-16T09:21:41+00:00\",\"breadcrumb\":{\"@id\":\"https:\/\/elitlak.hu\/?page_id=212#breadcrumb\"},\"inLanguage\":\"hu\",\"potentialAction\":[{\"@type\":\"ReadAction\",\"target\":[\"https:\/\/elitlak.hu\/?page_id=212\"]}]},{\"@type\":\"BreadcrumbList\",\"@id\":\"https:\/\/elitlak.hu\/?page_id=212#breadcrumb\",\"itemListElement\":[{\"@type\":\"ListItem\",\"position\":1,\"name\":\"Kezd\\u0151lap\",\"item\":\"https:\/\/elitlak.hu\/\"},{\"@type\":\"ListItem\",\"position\":2,\"name\":\"Sz\\u00e1raz\\u00e9p\\u00edt\\u00e9szet,gipszkarton szerel\\u00e9s\"}]}]}<\/script>\n<!-- \/ Yoast SEO plugin. -->","yoast_head_json":{"title":"Sz\u00e1raz\u00e9p\u00edt\u00e9szet,gipszkarton szerel\u00e9s - Elit-lak","robots":{"index":"noindex","follow":"follow","max-snippet":"max-snippet:-1","max-image-preview":"max-image-preview:large","max-video-preview":"max-video-preview:-1"},"og_locale":"hu_HU","og_type":"article","og_title":"Sz\u00e1raz\u00e9p\u00edt\u00e9szet,gipszkarton szerel\u00e9s - Elit-lak","og_description":"V\u00e1llaljuk gipszkarton burkolatok, fal \u00e9s \u00e1lmennyezet k\u00e9sz\u00edt\u00e9s\u00e9t.Gyors,tiszta,kev\u00e9s hullad\u00e9kkal j\u00e1r\u00f3 \u00e9p\u00edt\u00e9si m\u00f3d.","og_url":"https:\/\/elitlak.hu\/?page_id=212","og_site_name":"Elit-lak","article_modified_time":"2021-09-16T09:21:41+00:00","twitter_card":"summary_large_image","twitter_misc":{"Becs\u00fclt olvas\u00e1si id\u0151":"1 perc"},"schema":{"@context":"https:\/\/schema.org","@graph":[{"@type":"WebSite","@id":"https:\/\/elitlak.hu\/#website","url":"https:\/\/elitlak.hu\/","name":"Elit-lak","description":"","potentialAction":[{"@type":"SearchAction","target":{"@type":"EntryPoint","urlTemplate":"https:\/\/elitlak.hu\/?s={search_term_string}"},"query-input":"required name=search_term_string"}],"inLanguage":"hu"},{"@type":"WebPage","@id":"https:\/\/elitlak.hu\/?page_id=212#webpage","url":"https:\/\/elitlak.hu\/?page_id=212","name":"Sz\u00e1raz\u00e9p\u00edt\u00e9szet,gipszkarton szerel\u00e9s - Elit-lak","isPartOf":{"@id":"https:\/\/elitlak.hu\/#website"},"datePublished":"2021-09-16T08:52:14+00:00","dateModified":"2021-09-16T09:21:41+00:00","breadcrumb":{"@id":"https:\/\/elitlak.hu\/?page_id=212#breadcrumb"},"inLanguage":"hu","potentialAction":[{"@type":"ReadAction","target":["https:\/\/elitlak.hu\/?page_id=212"]}]},{"@type":"BreadcrumbList","@id":"https:\/\/elitlak.hu\/?page_id=212#breadcrumb","itemListElement":[{"@type":"ListItem","position":1,"name":"Kezd\u0151lap","item":"https:\/\/elitlak.hu\/"},{"@type":"ListItem","position":2,"name":"Sz\u00e1raz\u00e9p\u00edt\u00e9szet,gipszkarton szerel\u00e9s"}]}]}},"_links":{"self":[{"href":"https:\/\/elitlak.hu\/index.php?rest_route=\/wp\/v2\/pages\/212","targetHints":{"allow":["GET"]}}],"collection":[{"href":"https:\/\/elitlak.hu\/index.php?rest_route=\/wp\/v2\/pages"}],"about":[{"href":"https:\/\/elitlak.hu\/index.php?rest_route=\/wp\/v2\/types\/page"}],"author":[{"embeddable":true,"href":"https:\/\/elitlak.hu\/index.php?rest_route=\/wp\/v2\/users\/3"}],"replies":[{"embeddable":true,"href":"https:\/\/elitlak.hu\/index.php?rest_route=%2Fwp%2Fv2%2Fcomments&post=212"}],"version-history":[{"count":2,"href":"https:\/\/elitlak.hu\/index.php?rest_route=\/wp\/v2\/pages\/212\/revisions"}],"predecessor-version":[{"id":216,"href":"https:\/\/elitlak.hu\/index.php?rest_route=\/wp\/v2\/pages\/212\/revisions\/216"}],"wp:attachment":[{"href":"https:\/\/elitlak.hu\/index.php?rest_route=%2Fwp%2Fv2%2Fmedia&parent=212"}],"curies":[{"name":"wp","href":"https:\/\/api.w.org\/{rel}","templated":true}]}}