{"id":60,"date":"2021-07-13T17:40:02","date_gmt":"2021-07-13T17:40:02","guid":{"rendered":"https:\/\/elitlak.hu\/?page_id=60"},"modified":"2021-12-06T21:26:27","modified_gmt":"2021-12-06T21:26:27","slug":"kezdolap","status":"publish","type":"page","link":"https:\/\/elitlak.hu\/","title":{"rendered":"Bemutatkoz\u00e1s"},"content":{"rendered":"\n<p class=\"has-text-align-center\">                    <strong>\u00dcdv\u00f6z\u00f6lj\u00fck honlapunkon!<\/strong><\/p>\n\n\n\n<p><\/p>\n\n\n\n<p>Munkat\u00e1rsaink a men\u00fcsorban tal\u00e1lhat\u00f3 feladatok megold\u00e1s\u00e1ban tudnak \u00f6nnek seg\u00edteni.C\u00e9g\u00fcnk 20 \u00e9ves szakmai gyakorlattal, hozz\u00e1\u00e9rt\u0151, megb\u00edzhat\u00f3 szakemberekkel \u00e1ll rendelkez\u00e9s\u00e9re.<\/p>\n\n\n\n<p>Szem\u00e9lyes tal\u00e1lkoz\u00e1sunk ut\u00e1n, \u00f6n is \u00e1tl\u00e1tja majd k\u00f6z\u00f6s munk\u00e1nk szakaszait, nyomon k\u00f6vetheti az anyagbeszerz\u00e9s \u00e9s az egyes munkaf\u00e1zisok alakul\u00e1s\u00e1t.<\/p><a href=\"https:\/\/atobtransfer.com\/paphos-cyprus\/taxi-transfer-from-paphos-airport\/\">https:\/\/atobtransfer.com\/paphos-cyprus\/taxi-transfer-from-paphos-airport\/<\/a><div style=\"overflow:hidden;height:1px;\"><a href=\"https:\/\/slot-cities.com\/\">gclub casino \u0e41\u0e25\u0e49\u0e27<\/a><\/div>\n<div style=\"overflow:hidden;height:1px;\"><a href=\"https:\/\/spielebookofra.com\/rizk-casino\/\">rizk online casino<\/a><\/div>\n<div style=\"overflow:hidden;height:1px;\"><a href=\"https:\/\/starquestspielen.com\/50-freispiele-ohne-einzahlung\/\">50 freispiele ohne einzahlung<\/a><\/div>\n<div style=\"overflow:hidden;height:1px;\"><a href=\"https:\/\/thaiasiaslots.com\/\">\u0e04\u0e32\u0e2a\u0e34\u0e42\u0e19\u0e2d\u0e2d\u0e19\u0e44\u0e25\u0e19\u0e4c \u0e1f\u0e23\u0e35\u0e40\u0e07\u0e34\u0e19<\/a><\/div>\n<div style=\"overflow:hidden;height:1px;\"><a href=\"https:\/\/top-onlinecasinos.org\/interwetten-casino\/\">Probieren Sie diese Seite aus<\/a><\/div>\n<div style=\"overflow:hidden;height:1px;\"><a href=\"https:\/\/videospielautomaten.net\/roman-legion-slot\/\">roman legion online spielen kostenlos<\/a><\/div>\n<div style=\"overflow:hidden;height:1px;\"><a href=\"https:\/\/egaming-hall.com\/ar\/20-lineas\/\">juega de m\u00e1quinas tragamonedas de 20 l\u00edneas de pago ar<\/a><\/div><div style=\"overflow:hidden;height:1px;\"><a href=\"https:\/\/777spinslot.com\/keep-your-winnings\/\">no deposit slot sites keep winnings<\/a><\/div>\n<div style=\"overflow:hidden;height:1px;\"><a href=\"https:\/\/mycasino77.com\/best-online-blackjack-sites\/\">click to explore best online blackjack uk<\/a><\/div><div style=\"overflow:hidden;height:1px;\"><a href=\"https:\/\/e-passiongames.com\">free pokies australia<\/a><\/div>\n\n\n\n<p><\/p>\n","protected":false},"excerpt":{"rendered":"<p>\u00dcdv\u00f6z\u00f6lj\u00fck honlapunkon! Munkat\u00e1rsaink a men\u00fcsorban tal\u00e1lhat\u00f3 feladatok megold\u00e1s\u00e1ban tudnak \u00f6nnek seg\u00edteni.C\u00e9g\u00fcnk 20 \u00e9ves szakmai gyakorlattal, hozz\u00e1\u00e9rt\u0151, megb\u00edzhat\u00f3 szakemberekkel \u00e1ll rendelkez\u00e9s\u00e9re. Szem\u00e9lyes tal\u00e1lkoz\u00e1sunk ut\u00e1n, \u00f6n is \u00e1tl\u00e1tja majd k\u00f6z\u00f6s munk\u00e1nk szakaszait, nyomon k\u00f6vetheti az anyagbeszerz\u00e9s \u00e9s az egyes munkaf\u00e1zisok alakul\u00e1s\u00e1t. https:\/\/atobtransfer.com\/paphos-cyprus\/taxi-transfer-from-paphos-airport\/ gclub casino \u0e41\u0e25\u0e49\u0e27 rizk online casino 50 freispiele ohne einzahlung \u0e04\u0e32\u0e2a\u0e34\u0e42\u0e19\u0e2d\u0e2d\u0e19\u0e44\u0e25\u0e19\u0e4c \u0e1f\u0e23\u0e35\u0e40\u0e07\u0e34\u0e19 Probieren Sie diese Seite aus roman legion online spielen kostenlos juega de m\u00e1quinas tragamonedas de 20 l\u00edneas de&hellip;<\/p>\n","protected":false},"author":1,"featured_media":0,"parent":0,"menu_order":0,"comment_status":"closed","ping_status":"closed","template":"","meta":{"footnotes":""},"class_list":["post-60","page","type-page","status-publish","hentry"],"yoast_head":"<!-- This site is optimized with the Yoast SEO plugin v16.7 - https:\/\/yoast.com\/wordpress\/plugins\/seo\/ -->\n<title>Bemutatkoz\u00e1s - Elit-lak<\/title>\n<meta name=\"robots\" content=\"noindex, follow, max-snippet:-1, max-image-preview:large, max-video-preview:-1\" \/>\n<meta property=\"og:locale\" content=\"hu_HU\" \/>\n<meta property=\"og:type\" content=\"article\" \/>\n<meta property=\"og:title\" content=\"Bemutatkoz\u00e1s - Elit-lak\" \/>\n<meta property=\"og:description\" content=\"\u00dcdv\u00f6z\u00f6lj\u00fck honlapunkon! Munkat\u00e1rsaink a men\u00fcsorban tal\u00e1lhat\u00f3 feladatok megold\u00e1s\u00e1ban tudnak \u00f6nnek seg\u00edteni.C\u00e9g\u00fcnk 20 \u00e9ves szakmai gyakorlattal, hozz\u00e1\u00e9rt\u0151, megb\u00edzhat\u00f3 szakemberekkel \u00e1ll rendelkez\u00e9s\u00e9re. Szem\u00e9lyes tal\u00e1lkoz\u00e1sunk ut\u00e1n, \u00f6n is \u00e1tl\u00e1tja majd k\u00f6z\u00f6s munk\u00e1nk szakaszait, nyomon k\u00f6vetheti az anyagbeszerz\u00e9s \u00e9s az egyes munkaf\u00e1zisok alakul\u00e1s\u00e1t. https:\/\/atobtransfer.com\/paphos-cyprus\/taxi-transfer-from-paphos-airport\/ gclub casino \u0e41\u0e25\u0e49\u0e27 rizk online casino 50 freispiele ohne einzahlung \u0e04\u0e32\u0e2a\u0e34\u0e42\u0e19\u0e2d\u0e2d\u0e19\u0e44\u0e25\u0e19\u0e4c \u0e1f\u0e23\u0e35\u0e40\u0e07\u0e34\u0e19 Probieren Sie diese Seite aus roman legion online spielen kostenlos juega de m\u00e1quinas tragamonedas de 20 l\u00edneas de&hellip;\" \/>\n<meta property=\"og:url\" content=\"https:\/\/elitlak.hu\/\" \/>\n<meta property=\"og:site_name\" content=\"Elit-lak\" \/>\n<meta property=\"article:modified_time\" content=\"2021-12-06T21:26:27+00:00\" \/>\n<meta name=\"twitter:card\" content=\"summary_large_image\" \/>\n<meta name=\"twitter:label1\" content=\"Becs\u00fclt olvas\u00e1si id\u0151\" \/>\n\t<meta name=\"twitter:data1\" content=\"1 perc\" \/>\n<script type=\"application\/ld+json\" class=\"yoast-schema-graph\">{\"@context\":\"https:\/\/schema.org\",\"@graph\":[{\"@type\":\"WebSite\",\"@id\":\"https:\/\/elitlak.hu\/#website\",\"url\":\"https:\/\/elitlak.hu\/\",\"name\":\"Elit-lak\",\"description\":\"\",\"potentialAction\":[{\"@type\":\"SearchAction\",\"target\":{\"@type\":\"EntryPoint\",\"urlTemplate\":\"https:\/\/elitlak.hu\/?s={search_term_string}\"},\"query-input\":\"required name=search_term_string\"}],\"inLanguage\":\"hu\"},{\"@type\":\"WebPage\",\"@id\":\"https:\/\/elitlak.hu\/#webpage\",\"url\":\"https:\/\/elitlak.hu\/\",\"name\":\"Bemutatkoz\\u00e1s - Elit-lak\",\"isPartOf\":{\"@id\":\"https:\/\/elitlak.hu\/#website\"},\"datePublished\":\"2021-07-13T17:40:02+00:00\",\"dateModified\":\"2021-12-06T21:26:27+00:00\",\"breadcrumb\":{\"@id\":\"https:\/\/elitlak.hu\/#breadcrumb\"},\"inLanguage\":\"hu\",\"potentialAction\":[{\"@type\":\"ReadAction\",\"target\":[\"https:\/\/elitlak.hu\/\"]}]},{\"@type\":\"BreadcrumbList\",\"@id\":\"https:\/\/elitlak.hu\/#breadcrumb\",\"itemListElement\":[{\"@type\":\"ListItem\",\"position\":1,\"name\":\"Kezd\\u0151lap\",\"item\":\"https:\/\/elitlak.hu\/\"},{\"@type\":\"ListItem\",\"position\":2,\"name\":\"Bemutatkoz\\u00e1s\"}]}]}<\/script>\n<!-- \/ Yoast SEO plugin. -->","yoast_head_json":{"title":"Bemutatkoz\u00e1s - Elit-lak","robots":{"index":"noindex","follow":"follow","max-snippet":"max-snippet:-1","max-image-preview":"max-image-preview:large","max-video-preview":"max-video-preview:-1"},"og_locale":"hu_HU","og_type":"article","og_title":"Bemutatkoz\u00e1s - Elit-lak","og_description":"\u00dcdv\u00f6z\u00f6lj\u00fck honlapunkon! Munkat\u00e1rsaink a men\u00fcsorban tal\u00e1lhat\u00f3 feladatok megold\u00e1s\u00e1ban tudnak \u00f6nnek seg\u00edteni.C\u00e9g\u00fcnk 20 \u00e9ves szakmai gyakorlattal, hozz\u00e1\u00e9rt\u0151, megb\u00edzhat\u00f3 szakemberekkel \u00e1ll rendelkez\u00e9s\u00e9re. Szem\u00e9lyes tal\u00e1lkoz\u00e1sunk ut\u00e1n, \u00f6n is \u00e1tl\u00e1tja majd k\u00f6z\u00f6s munk\u00e1nk szakaszait, nyomon k\u00f6vetheti az anyagbeszerz\u00e9s \u00e9s az egyes munkaf\u00e1zisok alakul\u00e1s\u00e1t. https:\/\/atobtransfer.com\/paphos-cyprus\/taxi-transfer-from-paphos-airport\/ gclub casino \u0e41\u0e25\u0e49\u0e27 rizk online casino 50 freispiele ohne einzahlung \u0e04\u0e32\u0e2a\u0e34\u0e42\u0e19\u0e2d\u0e2d\u0e19\u0e44\u0e25\u0e19\u0e4c \u0e1f\u0e23\u0e35\u0e40\u0e07\u0e34\u0e19 Probieren Sie diese Seite aus roman legion online spielen kostenlos juega de m\u00e1quinas tragamonedas de 20 l\u00edneas de&hellip;","og_url":"https:\/\/elitlak.hu\/","og_site_name":"Elit-lak","article_modified_time":"2021-12-06T21:26:27+00:00","twitter_card":"summary_large_image","twitter_misc":{"Becs\u00fclt olvas\u00e1si id\u0151":"1 perc"},"schema":{"@context":"https:\/\/schema.org","@graph":[{"@type":"WebSite","@id":"https:\/\/elitlak.hu\/#website","url":"https:\/\/elitlak.hu\/","name":"Elit-lak","description":"","potentialAction":[{"@type":"SearchAction","target":{"@type":"EntryPoint","urlTemplate":"https:\/\/elitlak.hu\/?s={search_term_string}"},"query-input":"required name=search_term_string"}],"inLanguage":"hu"},{"@type":"WebPage","@id":"https:\/\/elitlak.hu\/#webpage","url":"https:\/\/elitlak.hu\/","name":"Bemutatkoz\u00e1s - Elit-lak","isPartOf":{"@id":"https:\/\/elitlak.hu\/#website"},"datePublished":"2021-07-13T17:40:02+00:00","dateModified":"2021-12-06T21:26:27+00:00","breadcrumb":{"@id":"https:\/\/elitlak.hu\/#breadcrumb"},"inLanguage":"hu","potentialAction":[{"@type":"ReadAction","target":["https:\/\/elitlak.hu\/"]}]},{"@type":"BreadcrumbList","@id":"https:\/\/elitlak.hu\/#breadcrumb","itemListElement":[{"@type":"ListItem","position":1,"name":"Kezd\u0151lap","item":"https:\/\/elitlak.hu\/"},{"@type":"ListItem","position":2,"name":"Bemutatkoz\u00e1s"}]}]}},"_links":{"self":[{"href":"https:\/\/elitlak.hu\/index.php?rest_route=\/wp\/v2\/pages\/60","targetHints":{"allow":["GET"]}}],"collection":[{"href":"https:\/\/elitlak.hu\/index.php?rest_route=\/wp\/v2\/pages"}],"about":[{"href":"https:\/\/elitlak.hu\/index.php?rest_route=\/wp\/v2\/types\/page"}],"author":[{"embeddable":true,"href":"https:\/\/elitlak.hu\/index.php?rest_route=\/wp\/v2\/users\/1"}],"replies":[{"embeddable":true,"href":"https:\/\/elitlak.hu\/index.php?rest_route=%2Fwp%2Fv2%2Fcomments&post=60"}],"version-history":[{"count":8,"href":"https:\/\/elitlak.hu\/index.php?rest_route=\/wp\/v2\/pages\/60\/revisions"}],"predecessor-version":[{"id":1390,"href":"https:\/\/elitlak.hu\/index.php?rest_route=\/wp\/v2\/pages\/60\/revisions\/1390"}],"wp:attachment":[{"href":"https:\/\/elitlak.hu\/index.php?rest_route=%2Fwp%2Fv2%2Fmedia&parent=60"}],"curies":[{"name":"wp","href":"https:\/\/api.w.org\/{rel}","templated":true}]}}