{"id":68,"date":"2021-07-13T17:42:19","date_gmt":"2021-07-13T17:42:19","guid":{"rendered":"https:\/\/elitlak.hu\/?page_id=68"},"modified":"2021-08-01T12:51:18","modified_gmt":"2021-08-01T12:51:18","slug":"padlas-szigeteles-jaroszint-epitessel","status":"publish","type":"page","link":"https:\/\/elitlak.hu\/?page_id=68","title":{"rendered":"Padl\u00e1s szigetel\u00e9s j\u00e1r\u00f3szint \u00e9p\u00edt\u00e9ssel"},"content":{"rendered":"\n<p>V\u00e1llaljuk padl\u00e1sok szigetel\u00e9s\u00e9t k\u00fcl\u00f6nb\u00f6z\u0151 technol\u00f3gi\u00e1kkal (k\u0151zetgyapot, purhab). A szigetel\u00e9st v\u00e9gezhetj\u00fck a gerend\u00e1k k\u00f6z\u00f6tt, vagy a gerend\u00e1k felett \u00faj j\u00e1r\u00f3szint \u00e9p\u00edt\u00e9ssel. Kivitelez\u00e9sn\u00e9l nagy hangs\u00falyt fektet\u00fcnk a megfelel\u0151 r\u00e9tegrend kialak\u00edt\u00e1s\u00e1ra \u00e9s a legmegfelel\u0151bb szigetel\u0151anyag kiv\u00e1laszt\u00e1s\u00e1ra. \u00daj j\u00e1r\u00f3szint \u00e9p\u00edt\u00e9se eset\u00e9n a szigetel\u00e9s fel\u00e9 \u00e9p\u00edt\u00fcnk j\u00e1rhat\u00f3 folyos\u00f3kat, ez lehet f\u00fcggesztett vagy l\u00e1bon \u00e1ll\u00f3.<\/p>\n\n\n\n<figure class=\"wp-block-image size-full is-resized\"><img loading=\"lazy\" decoding=\"async\" src=\"https:\/\/elitlak.hu\/wp-content\/uploads\/2021\/08\/Padlas.jpg\" alt=\"\" class=\"wp-image-181\" width=\"555\" height=\"416\" srcset=\"https:\/\/elitlak.hu\/wp-content\/uploads\/2021\/08\/Padlas.jpg 800w, https:\/\/elitlak.hu\/wp-content\/uploads\/2021\/08\/Padlas-300x225.jpg 300w, https:\/\/elitlak.hu\/wp-content\/uploads\/2021\/08\/Padlas-768x576.jpg 768w\" sizes=\"auto, (max-width: 555px) 100vw, 555px\" \/><\/figure>\n\n\n\n<figure class=\"wp-block-image size-full is-resized\"><img loading=\"lazy\" decoding=\"async\" src=\"https:\/\/elitlak.hu\/wp-content\/uploads\/2021\/08\/Purhab-padlas.jpg\" alt=\"\" class=\"wp-image-183\" width=\"437\" height=\"583\" srcset=\"https:\/\/elitlak.hu\/wp-content\/uploads\/2021\/08\/Purhab-padlas.jpg 493w, https:\/\/elitlak.hu\/wp-content\/uploads\/2021\/08\/Purhab-padlas-225x300.jpg 225w\" sizes=\"auto, (max-width: 437px) 100vw, 437px\" \/><\/figure>\n","protected":false},"excerpt":{"rendered":"<p>V\u00e1llaljuk padl\u00e1sok szigetel\u00e9s\u00e9t k\u00fcl\u00f6nb\u00f6z\u0151 technol\u00f3gi\u00e1kkal (k\u0151zetgyapot, purhab). A szigetel\u00e9st v\u00e9gezhetj\u00fck a gerend\u00e1k k\u00f6z\u00f6tt, vagy a gerend\u00e1k felett \u00faj j\u00e1r\u00f3szint \u00e9p\u00edt\u00e9ssel. Kivitelez\u00e9sn\u00e9l nagy hangs\u00falyt fektet\u00fcnk a megfelel\u0151 r\u00e9tegrend kialak\u00edt\u00e1s\u00e1ra \u00e9s a legmegfelel\u0151bb szigetel\u0151anyag kiv\u00e1laszt\u00e1s\u00e1ra. \u00daj j\u00e1r\u00f3szint \u00e9p\u00edt\u00e9se eset\u00e9n a szigetel\u00e9s fel\u00e9 \u00e9p\u00edt\u00fcnk j\u00e1rhat\u00f3 folyos\u00f3kat, ez lehet f\u00fcggesztett vagy l\u00e1bon \u00e1ll\u00f3.<\/p>\n","protected":false},"author":1,"featured_media":0,"parent":0,"menu_order":0,"comment_status":"closed","ping_status":"closed","template":"","meta":{"footnotes":""},"class_list":["post-68","page","type-page","status-publish","hentry"],"yoast_head":"<!-- This site is optimized with the Yoast SEO plugin v16.7 - https:\/\/yoast.com\/wordpress\/plugins\/seo\/ -->\n<title>Padl\u00e1s szigetel\u00e9s j\u00e1r\u00f3szint \u00e9p\u00edt\u00e9ssel - Elit-lak<\/title>\n<meta name=\"robots\" content=\"noindex, follow, max-snippet:-1, max-image-preview:large, max-video-preview:-1\" \/>\n<meta property=\"og:locale\" content=\"hu_HU\" \/>\n<meta property=\"og:type\" content=\"article\" \/>\n<meta property=\"og:title\" content=\"Padl\u00e1s szigetel\u00e9s j\u00e1r\u00f3szint \u00e9p\u00edt\u00e9ssel - Elit-lak\" \/>\n<meta property=\"og:description\" content=\"V\u00e1llaljuk padl\u00e1sok szigetel\u00e9s\u00e9t k\u00fcl\u00f6nb\u00f6z\u0151 technol\u00f3gi\u00e1kkal (k\u0151zetgyapot, purhab). A szigetel\u00e9st v\u00e9gezhetj\u00fck a gerend\u00e1k k\u00f6z\u00f6tt, vagy a gerend\u00e1k felett \u00faj j\u00e1r\u00f3szint \u00e9p\u00edt\u00e9ssel. Kivitelez\u00e9sn\u00e9l nagy hangs\u00falyt fektet\u00fcnk a megfelel\u0151 r\u00e9tegrend kialak\u00edt\u00e1s\u00e1ra \u00e9s a legmegfelel\u0151bb szigetel\u0151anyag kiv\u00e1laszt\u00e1s\u00e1ra. \u00daj j\u00e1r\u00f3szint \u00e9p\u00edt\u00e9se eset\u00e9n a szigetel\u00e9s fel\u00e9 \u00e9p\u00edt\u00fcnk j\u00e1rhat\u00f3 folyos\u00f3kat, ez lehet f\u00fcggesztett vagy l\u00e1bon \u00e1ll\u00f3.\" \/>\n<meta property=\"og:url\" content=\"https:\/\/elitlak.hu\/?page_id=68\" \/>\n<meta property=\"og:site_name\" content=\"Elit-lak\" \/>\n<meta property=\"article:modified_time\" content=\"2021-08-01T12:51:18+00:00\" \/>\n<meta property=\"og:image\" content=\"https:\/\/elitlak.hu\/wp-content\/uploads\/2021\/08\/Padlas.jpg\" \/>\n<meta name=\"twitter:card\" content=\"summary_large_image\" \/>\n<meta name=\"twitter:label1\" content=\"Becs\u00fclt olvas\u00e1si id\u0151\" \/>\n\t<meta name=\"twitter:data1\" content=\"1 perc\" \/>\n<script type=\"application\/ld+json\" class=\"yoast-schema-graph\">{\"@context\":\"https:\/\/schema.org\",\"@graph\":[{\"@type\":\"WebSite\",\"@id\":\"https:\/\/elitlak.hu\/#website\",\"url\":\"https:\/\/elitlak.hu\/\",\"name\":\"Elit-lak\",\"description\":\"\",\"potentialAction\":[{\"@type\":\"SearchAction\",\"target\":{\"@type\":\"EntryPoint\",\"urlTemplate\":\"https:\/\/elitlak.hu\/?s={search_term_string}\"},\"query-input\":\"required name=search_term_string\"}],\"inLanguage\":\"hu\"},{\"@type\":\"ImageObject\",\"@id\":\"https:\/\/elitlak.hu\/?page_id=68#primaryimage\",\"inLanguage\":\"hu\",\"url\":\"https:\/\/elitlak.hu\/wp-content\/uploads\/2021\/08\/Padlas.jpg\",\"contentUrl\":\"https:\/\/elitlak.hu\/wp-content\/uploads\/2021\/08\/Padlas.jpg\",\"width\":800,\"height\":600},{\"@type\":\"WebPage\",\"@id\":\"https:\/\/elitlak.hu\/?page_id=68#webpage\",\"url\":\"https:\/\/elitlak.hu\/?page_id=68\",\"name\":\"Padl\\u00e1s szigetel\\u00e9s j\\u00e1r\\u00f3szint \\u00e9p\\u00edt\\u00e9ssel - Elit-lak\",\"isPartOf\":{\"@id\":\"https:\/\/elitlak.hu\/#website\"},\"primaryImageOfPage\":{\"@id\":\"https:\/\/elitlak.hu\/?page_id=68#primaryimage\"},\"datePublished\":\"2021-07-13T17:42:19+00:00\",\"dateModified\":\"2021-08-01T12:51:18+00:00\",\"breadcrumb\":{\"@id\":\"https:\/\/elitlak.hu\/?page_id=68#breadcrumb\"},\"inLanguage\":\"hu\",\"potentialAction\":[{\"@type\":\"ReadAction\",\"target\":[\"https:\/\/elitlak.hu\/?page_id=68\"]}]},{\"@type\":\"BreadcrumbList\",\"@id\":\"https:\/\/elitlak.hu\/?page_id=68#breadcrumb\",\"itemListElement\":[{\"@type\":\"ListItem\",\"position\":1,\"name\":\"Kezd\\u0151lap\",\"item\":\"https:\/\/elitlak.hu\/\"},{\"@type\":\"ListItem\",\"position\":2,\"name\":\"Padl\\u00e1s szigetel\\u00e9s j\\u00e1r\\u00f3szint \\u00e9p\\u00edt\\u00e9ssel\"}]}]}<\/script>\n<!-- \/ Yoast SEO plugin. -->","yoast_head_json":{"title":"Padl\u00e1s szigetel\u00e9s j\u00e1r\u00f3szint \u00e9p\u00edt\u00e9ssel - Elit-lak","robots":{"index":"noindex","follow":"follow","max-snippet":"max-snippet:-1","max-image-preview":"max-image-preview:large","max-video-preview":"max-video-preview:-1"},"og_locale":"hu_HU","og_type":"article","og_title":"Padl\u00e1s szigetel\u00e9s j\u00e1r\u00f3szint \u00e9p\u00edt\u00e9ssel - Elit-lak","og_description":"V\u00e1llaljuk padl\u00e1sok szigetel\u00e9s\u00e9t k\u00fcl\u00f6nb\u00f6z\u0151 technol\u00f3gi\u00e1kkal (k\u0151zetgyapot, purhab). A szigetel\u00e9st v\u00e9gezhetj\u00fck a gerend\u00e1k k\u00f6z\u00f6tt, vagy a gerend\u00e1k felett \u00faj j\u00e1r\u00f3szint \u00e9p\u00edt\u00e9ssel. Kivitelez\u00e9sn\u00e9l nagy hangs\u00falyt fektet\u00fcnk a megfelel\u0151 r\u00e9tegrend kialak\u00edt\u00e1s\u00e1ra \u00e9s a legmegfelel\u0151bb szigetel\u0151anyag kiv\u00e1laszt\u00e1s\u00e1ra. \u00daj j\u00e1r\u00f3szint \u00e9p\u00edt\u00e9se eset\u00e9n a szigetel\u00e9s fel\u00e9 \u00e9p\u00edt\u00fcnk j\u00e1rhat\u00f3 folyos\u00f3kat, ez lehet f\u00fcggesztett vagy l\u00e1bon \u00e1ll\u00f3.","og_url":"https:\/\/elitlak.hu\/?page_id=68","og_site_name":"Elit-lak","article_modified_time":"2021-08-01T12:51:18+00:00","og_image":[{"url":"https:\/\/elitlak.hu\/wp-content\/uploads\/2021\/08\/Padlas.jpg"}],"twitter_card":"summary_large_image","twitter_misc":{"Becs\u00fclt olvas\u00e1si id\u0151":"1 perc"},"schema":{"@context":"https:\/\/schema.org","@graph":[{"@type":"WebSite","@id":"https:\/\/elitlak.hu\/#website","url":"https:\/\/elitlak.hu\/","name":"Elit-lak","description":"","potentialAction":[{"@type":"SearchAction","target":{"@type":"EntryPoint","urlTemplate":"https:\/\/elitlak.hu\/?s={search_term_string}"},"query-input":"required name=search_term_string"}],"inLanguage":"hu"},{"@type":"ImageObject","@id":"https:\/\/elitlak.hu\/?page_id=68#primaryimage","inLanguage":"hu","url":"https:\/\/elitlak.hu\/wp-content\/uploads\/2021\/08\/Padlas.jpg","contentUrl":"https:\/\/elitlak.hu\/wp-content\/uploads\/2021\/08\/Padlas.jpg","width":800,"height":600},{"@type":"WebPage","@id":"https:\/\/elitlak.hu\/?page_id=68#webpage","url":"https:\/\/elitlak.hu\/?page_id=68","name":"Padl\u00e1s szigetel\u00e9s j\u00e1r\u00f3szint \u00e9p\u00edt\u00e9ssel - Elit-lak","isPartOf":{"@id":"https:\/\/elitlak.hu\/#website"},"primaryImageOfPage":{"@id":"https:\/\/elitlak.hu\/?page_id=68#primaryimage"},"datePublished":"2021-07-13T17:42:19+00:00","dateModified":"2021-08-01T12:51:18+00:00","breadcrumb":{"@id":"https:\/\/elitlak.hu\/?page_id=68#breadcrumb"},"inLanguage":"hu","potentialAction":[{"@type":"ReadAction","target":["https:\/\/elitlak.hu\/?page_id=68"]}]},{"@type":"BreadcrumbList","@id":"https:\/\/elitlak.hu\/?page_id=68#breadcrumb","itemListElement":[{"@type":"ListItem","position":1,"name":"Kezd\u0151lap","item":"https:\/\/elitlak.hu\/"},{"@type":"ListItem","position":2,"name":"Padl\u00e1s szigetel\u00e9s j\u00e1r\u00f3szint \u00e9p\u00edt\u00e9ssel"}]}]}},"_links":{"self":[{"href":"https:\/\/elitlak.hu\/index.php?rest_route=\/wp\/v2\/pages\/68","targetHints":{"allow":["GET"]}}],"collection":[{"href":"https:\/\/elitlak.hu\/index.php?rest_route=\/wp\/v2\/pages"}],"about":[{"href":"https:\/\/elitlak.hu\/index.php?rest_route=\/wp\/v2\/types\/page"}],"author":[{"embeddable":true,"href":"https:\/\/elitlak.hu\/index.php?rest_route=\/wp\/v2\/users\/1"}],"replies":[{"embeddable":true,"href":"https:\/\/elitlak.hu\/index.php?rest_route=%2Fwp%2Fv2%2Fcomments&post=68"}],"version-history":[{"count":8,"href":"https:\/\/elitlak.hu\/index.php?rest_route=\/wp\/v2\/pages\/68\/revisions"}],"predecessor-version":[{"id":194,"href":"https:\/\/elitlak.hu\/index.php?rest_route=\/wp\/v2\/pages\/68\/revisions\/194"}],"wp:attachment":[{"href":"https:\/\/elitlak.hu\/index.php?rest_route=%2Fwp%2Fv2%2Fmedia&parent=68"}],"curies":[{"name":"wp","href":"https:\/\/api.w.org\/{rel}","templated":true}]}}