{"id":72,"date":"2021-07-13T17:43:30","date_gmt":"2021-07-13T17:43:30","guid":{"rendered":"https:\/\/elitlak.hu\/?page_id=72"},"modified":"2021-07-14T05:33:00","modified_gmt":"2021-07-14T05:33:00","slug":"kocsibeallok-elotetok-fabol","status":"publish","type":"page","link":"https:\/\/elitlak.hu\/?page_id=72","title":{"rendered":"Kocsibe\u00e1ll\u00f3k, el\u0151tet\u0151k f\u00e1b\u00f3l"},"content":{"rendered":"","protected":false},"excerpt":{"rendered":"","protected":false},"author":1,"featured_media":0,"parent":0,"menu_order":0,"comment_status":"closed","ping_status":"closed","template":"","meta":{"footnotes":""},"class_list":["post-72","page","type-page","status-publish","hentry"],"yoast_head":"<!-- This site is optimized with the Yoast SEO plugin v16.7 - https:\/\/yoast.com\/wordpress\/plugins\/seo\/ -->\n<title>Kocsibe\u00e1ll\u00f3k, el\u0151tet\u0151k f\u00e1b\u00f3l - Elit-lak<\/title>\n<meta name=\"robots\" content=\"noindex, follow, max-snippet:-1, max-image-preview:large, max-video-preview:-1\" \/>\n<meta property=\"og:locale\" content=\"hu_HU\" \/>\n<meta property=\"og:type\" content=\"article\" \/>\n<meta property=\"og:title\" content=\"Kocsibe\u00e1ll\u00f3k, el\u0151tet\u0151k f\u00e1b\u00f3l - Elit-lak\" \/>\n<meta property=\"og:url\" content=\"https:\/\/elitlak.hu\/?page_id=72\" \/>\n<meta property=\"og:site_name\" content=\"Elit-lak\" \/>\n<meta property=\"article:modified_time\" content=\"2021-07-14T05:33:00+00:00\" \/>\n<meta name=\"twitter:card\" content=\"summary_large_image\" \/>\n<script type=\"application\/ld+json\" class=\"yoast-schema-graph\">{\"@context\":\"https:\/\/schema.org\",\"@graph\":[{\"@type\":\"WebSite\",\"@id\":\"https:\/\/elitlak.hu\/#website\",\"url\":\"https:\/\/elitlak.hu\/\",\"name\":\"Elit-lak\",\"description\":\"\",\"potentialAction\":[{\"@type\":\"SearchAction\",\"target\":{\"@type\":\"EntryPoint\",\"urlTemplate\":\"https:\/\/elitlak.hu\/?s={search_term_string}\"},\"query-input\":\"required name=search_term_string\"}],\"inLanguage\":\"hu\"},{\"@type\":\"WebPage\",\"@id\":\"https:\/\/elitlak.hu\/?page_id=72#webpage\",\"url\":\"https:\/\/elitlak.hu\/?page_id=72\",\"name\":\"Kocsibe\\u00e1ll\\u00f3k, el\\u0151tet\\u0151k f\\u00e1b\\u00f3l - Elit-lak\",\"isPartOf\":{\"@id\":\"https:\/\/elitlak.hu\/#website\"},\"datePublished\":\"2021-07-13T17:43:30+00:00\",\"dateModified\":\"2021-07-14T05:33:00+00:00\",\"breadcrumb\":{\"@id\":\"https:\/\/elitlak.hu\/?page_id=72#breadcrumb\"},\"inLanguage\":\"hu\",\"potentialAction\":[{\"@type\":\"ReadAction\",\"target\":[\"https:\/\/elitlak.hu\/?page_id=72\"]}]},{\"@type\":\"BreadcrumbList\",\"@id\":\"https:\/\/elitlak.hu\/?page_id=72#breadcrumb\",\"itemListElement\":[{\"@type\":\"ListItem\",\"position\":1,\"name\":\"Kezd\\u0151lap\",\"item\":\"https:\/\/elitlak.hu\/\"},{\"@type\":\"ListItem\",\"position\":2,\"name\":\"Kocsibe\\u00e1ll\\u00f3k, el\\u0151tet\\u0151k f\\u00e1b\\u00f3l\"}]}]}<\/script>\n<!-- \/ Yoast SEO plugin. -->","yoast_head_json":{"title":"Kocsibe\u00e1ll\u00f3k, el\u0151tet\u0151k f\u00e1b\u00f3l - Elit-lak","robots":{"index":"noindex","follow":"follow","max-snippet":"max-snippet:-1","max-image-preview":"max-image-preview:large","max-video-preview":"max-video-preview:-1"},"og_locale":"hu_HU","og_type":"article","og_title":"Kocsibe\u00e1ll\u00f3k, el\u0151tet\u0151k f\u00e1b\u00f3l - Elit-lak","og_url":"https:\/\/elitlak.hu\/?page_id=72","og_site_name":"Elit-lak","article_modified_time":"2021-07-14T05:33:00+00:00","twitter_card":"summary_large_image","schema":{"@context":"https:\/\/schema.org","@graph":[{"@type":"WebSite","@id":"https:\/\/elitlak.hu\/#website","url":"https:\/\/elitlak.hu\/","name":"Elit-lak","description":"","potentialAction":[{"@type":"SearchAction","target":{"@type":"EntryPoint","urlTemplate":"https:\/\/elitlak.hu\/?s={search_term_string}"},"query-input":"required name=search_term_string"}],"inLanguage":"hu"},{"@type":"WebPage","@id":"https:\/\/elitlak.hu\/?page_id=72#webpage","url":"https:\/\/elitlak.hu\/?page_id=72","name":"Kocsibe\u00e1ll\u00f3k, el\u0151tet\u0151k f\u00e1b\u00f3l - Elit-lak","isPartOf":{"@id":"https:\/\/elitlak.hu\/#website"},"datePublished":"2021-07-13T17:43:30+00:00","dateModified":"2021-07-14T05:33:00+00:00","breadcrumb":{"@id":"https:\/\/elitlak.hu\/?page_id=72#breadcrumb"},"inLanguage":"hu","potentialAction":[{"@type":"ReadAction","target":["https:\/\/elitlak.hu\/?page_id=72"]}]},{"@type":"BreadcrumbList","@id":"https:\/\/elitlak.hu\/?page_id=72#breadcrumb","itemListElement":[{"@type":"ListItem","position":1,"name":"Kezd\u0151lap","item":"https:\/\/elitlak.hu\/"},{"@type":"ListItem","position":2,"name":"Kocsibe\u00e1ll\u00f3k, el\u0151tet\u0151k f\u00e1b\u00f3l"}]}]}},"_links":{"self":[{"href":"https:\/\/elitlak.hu\/index.php?rest_route=\/wp\/v2\/pages\/72","targetHints":{"allow":["GET"]}}],"collection":[{"href":"https:\/\/elitlak.hu\/index.php?rest_route=\/wp\/v2\/pages"}],"about":[{"href":"https:\/\/elitlak.hu\/index.php?rest_route=\/wp\/v2\/types\/page"}],"author":[{"embeddable":true,"href":"https:\/\/elitlak.hu\/index.php?rest_route=\/wp\/v2\/users\/1"}],"replies":[{"embeddable":true,"href":"https:\/\/elitlak.hu\/index.php?rest_route=%2Fwp%2Fv2%2Fcomments&post=72"}],"version-history":[{"count":2,"href":"https:\/\/elitlak.hu\/index.php?rest_route=\/wp\/v2\/pages\/72\/revisions"}],"predecessor-version":[{"id":110,"href":"https:\/\/elitlak.hu\/index.php?rest_route=\/wp\/v2\/pages\/72\/revisions\/110"}],"wp:attachment":[{"href":"https:\/\/elitlak.hu\/index.php?rest_route=%2Fwp%2Fv2%2Fmedia&parent=72"}],"curies":[{"name":"wp","href":"https:\/\/api.w.org\/{rel}","templated":true}]}}