{"id":74,"date":"2021-07-13T17:43:56","date_gmt":"2021-07-13T17:43:56","guid":{"rendered":"https:\/\/elitlak.hu\/?page_id=74"},"modified":"2021-08-01T12:01:56","modified_gmt":"2021-08-01T12:01:56","slug":"padlasszobak-epitese","status":"publish","type":"page","link":"https:\/\/elitlak.hu\/?page_id=74","title":{"rendered":"Padl\u00e1sszob\u00e1k \u00e9p\u00edt\u00e9se"},"content":{"rendered":"\n<p>V\u00e1llaljuk padl\u00e1sszob\u00e1k teljes k\u00f6r\u0171 kivitelez\u00e9s\u00e9t, k\u00fcl\u00f6nb\u00f6z\u0151 szigetel\u00e9si technol\u00f3gi\u00e1kkal, bels\u0151 burkol\u00e1ssal. (lamb\u00e9ria, gipszkarton)<\/p>\n\n\n\n<figure class=\"wp-block-image size-full is-resized\"><img loading=\"lazy\" decoding=\"async\" src=\"https:\/\/elitlak.hu\/wp-content\/uploads\/2021\/08\/Padlasszoba-uj.jpg\" alt=\"\" class=\"wp-image-175\" width=\"613\" height=\"301\" srcset=\"https:\/\/elitlak.hu\/wp-content\/uploads\/2021\/08\/Padlasszoba-uj.jpg 863w, https:\/\/elitlak.hu\/wp-content\/uploads\/2021\/08\/Padlasszoba-uj-300x147.jpg 300w, https:\/\/elitlak.hu\/wp-content\/uploads\/2021\/08\/Padlasszoba-uj-768x377.jpg 768w\" sizes=\"auto, (max-width: 613px) 100vw, 613px\" \/><\/figure>\n\n\n\n<figure class=\"wp-block-image size-full is-resized\"><img loading=\"lazy\" decoding=\"async\" src=\"https:\/\/elitlak.hu\/wp-content\/uploads\/2021\/08\/Purhab-jo.jpg\" alt=\"\" class=\"wp-image-178\" width=\"617\" height=\"413\" srcset=\"https:\/\/elitlak.hu\/wp-content\/uploads\/2021\/08\/Purhab-jo.jpg 776w, https:\/\/elitlak.hu\/wp-content\/uploads\/2021\/08\/Purhab-jo-300x201.jpg 300w, https:\/\/elitlak.hu\/wp-content\/uploads\/2021\/08\/Purhab-jo-768x515.jpg 768w, https:\/\/elitlak.hu\/wp-content\/uploads\/2021\/08\/Purhab-jo-150x100.jpg 150w\" sizes=\"auto, (max-width: 617px) 100vw, 617px\" \/><\/figure>\n","protected":false},"excerpt":{"rendered":"<p>V\u00e1llaljuk padl\u00e1sszob\u00e1k teljes k\u00f6r\u0171 kivitelez\u00e9s\u00e9t, k\u00fcl\u00f6nb\u00f6z\u0151 szigetel\u00e9si technol\u00f3gi\u00e1kkal, bels\u0151 burkol\u00e1ssal. (lamb\u00e9ria, gipszkarton)<\/p>\n","protected":false},"author":1,"featured_media":0,"parent":0,"menu_order":0,"comment_status":"closed","ping_status":"closed","template":"","meta":{"footnotes":""},"class_list":["post-74","page","type-page","status-publish","hentry"],"yoast_head":"<!-- This site is optimized with the Yoast SEO plugin v16.7 - https:\/\/yoast.com\/wordpress\/plugins\/seo\/ -->\n<title>Padl\u00e1sszob\u00e1k \u00e9p\u00edt\u00e9se - Elit-lak<\/title>\n<meta name=\"robots\" content=\"noindex, follow, max-snippet:-1, max-image-preview:large, max-video-preview:-1\" \/>\n<meta property=\"og:locale\" content=\"hu_HU\" \/>\n<meta property=\"og:type\" content=\"article\" \/>\n<meta property=\"og:title\" content=\"Padl\u00e1sszob\u00e1k \u00e9p\u00edt\u00e9se - Elit-lak\" \/>\n<meta property=\"og:description\" content=\"V\u00e1llaljuk padl\u00e1sszob\u00e1k teljes k\u00f6r\u0171 kivitelez\u00e9s\u00e9t, k\u00fcl\u00f6nb\u00f6z\u0151 szigetel\u00e9si technol\u00f3gi\u00e1kkal, bels\u0151 burkol\u00e1ssal. (lamb\u00e9ria, gipszkarton)\" \/>\n<meta property=\"og:url\" content=\"https:\/\/elitlak.hu\/?page_id=74\" \/>\n<meta property=\"og:site_name\" content=\"Elit-lak\" \/>\n<meta property=\"article:modified_time\" content=\"2021-08-01T12:01:56+00:00\" \/>\n<meta property=\"og:image\" content=\"https:\/\/elitlak.hu\/wp-content\/uploads\/2021\/08\/Padlasszoba-uj.jpg\" \/>\n<meta name=\"twitter:card\" content=\"summary_large_image\" \/>\n<meta name=\"twitter:label1\" content=\"Becs\u00fclt olvas\u00e1si id\u0151\" \/>\n\t<meta name=\"twitter:data1\" content=\"1 perc\" \/>\n<script type=\"application\/ld+json\" class=\"yoast-schema-graph\">{\"@context\":\"https:\/\/schema.org\",\"@graph\":[{\"@type\":\"WebSite\",\"@id\":\"https:\/\/elitlak.hu\/#website\",\"url\":\"https:\/\/elitlak.hu\/\",\"name\":\"Elit-lak\",\"description\":\"\",\"potentialAction\":[{\"@type\":\"SearchAction\",\"target\":{\"@type\":\"EntryPoint\",\"urlTemplate\":\"https:\/\/elitlak.hu\/?s={search_term_string}\"},\"query-input\":\"required name=search_term_string\"}],\"inLanguage\":\"hu\"},{\"@type\":\"ImageObject\",\"@id\":\"https:\/\/elitlak.hu\/?page_id=74#primaryimage\",\"inLanguage\":\"hu\",\"url\":\"https:\/\/elitlak.hu\/wp-content\/uploads\/2021\/08\/Padlasszoba-uj.jpg\",\"contentUrl\":\"https:\/\/elitlak.hu\/wp-content\/uploads\/2021\/08\/Padlasszoba-uj.jpg\",\"width\":863,\"height\":424},{\"@type\":\"WebPage\",\"@id\":\"https:\/\/elitlak.hu\/?page_id=74#webpage\",\"url\":\"https:\/\/elitlak.hu\/?page_id=74\",\"name\":\"Padl\\u00e1sszob\\u00e1k \\u00e9p\\u00edt\\u00e9se - Elit-lak\",\"isPartOf\":{\"@id\":\"https:\/\/elitlak.hu\/#website\"},\"primaryImageOfPage\":{\"@id\":\"https:\/\/elitlak.hu\/?page_id=74#primaryimage\"},\"datePublished\":\"2021-07-13T17:43:56+00:00\",\"dateModified\":\"2021-08-01T12:01:56+00:00\",\"breadcrumb\":{\"@id\":\"https:\/\/elitlak.hu\/?page_id=74#breadcrumb\"},\"inLanguage\":\"hu\",\"potentialAction\":[{\"@type\":\"ReadAction\",\"target\":[\"https:\/\/elitlak.hu\/?page_id=74\"]}]},{\"@type\":\"BreadcrumbList\",\"@id\":\"https:\/\/elitlak.hu\/?page_id=74#breadcrumb\",\"itemListElement\":[{\"@type\":\"ListItem\",\"position\":1,\"name\":\"Kezd\\u0151lap\",\"item\":\"https:\/\/elitlak.hu\/\"},{\"@type\":\"ListItem\",\"position\":2,\"name\":\"Padl\\u00e1sszob\\u00e1k \\u00e9p\\u00edt\\u00e9se\"}]}]}<\/script>\n<!-- \/ Yoast SEO plugin. -->","yoast_head_json":{"title":"Padl\u00e1sszob\u00e1k \u00e9p\u00edt\u00e9se - Elit-lak","robots":{"index":"noindex","follow":"follow","max-snippet":"max-snippet:-1","max-image-preview":"max-image-preview:large","max-video-preview":"max-video-preview:-1"},"og_locale":"hu_HU","og_type":"article","og_title":"Padl\u00e1sszob\u00e1k \u00e9p\u00edt\u00e9se - Elit-lak","og_description":"V\u00e1llaljuk padl\u00e1sszob\u00e1k teljes k\u00f6r\u0171 kivitelez\u00e9s\u00e9t, k\u00fcl\u00f6nb\u00f6z\u0151 szigetel\u00e9si technol\u00f3gi\u00e1kkal, bels\u0151 burkol\u00e1ssal. (lamb\u00e9ria, gipszkarton)","og_url":"https:\/\/elitlak.hu\/?page_id=74","og_site_name":"Elit-lak","article_modified_time":"2021-08-01T12:01:56+00:00","og_image":[{"url":"https:\/\/elitlak.hu\/wp-content\/uploads\/2021\/08\/Padlasszoba-uj.jpg"}],"twitter_card":"summary_large_image","twitter_misc":{"Becs\u00fclt olvas\u00e1si id\u0151":"1 perc"},"schema":{"@context":"https:\/\/schema.org","@graph":[{"@type":"WebSite","@id":"https:\/\/elitlak.hu\/#website","url":"https:\/\/elitlak.hu\/","name":"Elit-lak","description":"","potentialAction":[{"@type":"SearchAction","target":{"@type":"EntryPoint","urlTemplate":"https:\/\/elitlak.hu\/?s={search_term_string}"},"query-input":"required name=search_term_string"}],"inLanguage":"hu"},{"@type":"ImageObject","@id":"https:\/\/elitlak.hu\/?page_id=74#primaryimage","inLanguage":"hu","url":"https:\/\/elitlak.hu\/wp-content\/uploads\/2021\/08\/Padlasszoba-uj.jpg","contentUrl":"https:\/\/elitlak.hu\/wp-content\/uploads\/2021\/08\/Padlasszoba-uj.jpg","width":863,"height":424},{"@type":"WebPage","@id":"https:\/\/elitlak.hu\/?page_id=74#webpage","url":"https:\/\/elitlak.hu\/?page_id=74","name":"Padl\u00e1sszob\u00e1k \u00e9p\u00edt\u00e9se - Elit-lak","isPartOf":{"@id":"https:\/\/elitlak.hu\/#website"},"primaryImageOfPage":{"@id":"https:\/\/elitlak.hu\/?page_id=74#primaryimage"},"datePublished":"2021-07-13T17:43:56+00:00","dateModified":"2021-08-01T12:01:56+00:00","breadcrumb":{"@id":"https:\/\/elitlak.hu\/?page_id=74#breadcrumb"},"inLanguage":"hu","potentialAction":[{"@type":"ReadAction","target":["https:\/\/elitlak.hu\/?page_id=74"]}]},{"@type":"BreadcrumbList","@id":"https:\/\/elitlak.hu\/?page_id=74#breadcrumb","itemListElement":[{"@type":"ListItem","position":1,"name":"Kezd\u0151lap","item":"https:\/\/elitlak.hu\/"},{"@type":"ListItem","position":2,"name":"Padl\u00e1sszob\u00e1k \u00e9p\u00edt\u00e9se"}]}]}},"_links":{"self":[{"href":"https:\/\/elitlak.hu\/index.php?rest_route=\/wp\/v2\/pages\/74","targetHints":{"allow":["GET"]}}],"collection":[{"href":"https:\/\/elitlak.hu\/index.php?rest_route=\/wp\/v2\/pages"}],"about":[{"href":"https:\/\/elitlak.hu\/index.php?rest_route=\/wp\/v2\/types\/page"}],"author":[{"embeddable":true,"href":"https:\/\/elitlak.hu\/index.php?rest_route=\/wp\/v2\/users\/1"}],"replies":[{"embeddable":true,"href":"https:\/\/elitlak.hu\/index.php?rest_route=%2Fwp%2Fv2%2Fcomments&post=74"}],"version-history":[{"count":6,"href":"https:\/\/elitlak.hu\/index.php?rest_route=\/wp\/v2\/pages\/74\/revisions"}],"predecessor-version":[{"id":211,"href":"https:\/\/elitlak.hu\/index.php?rest_route=\/wp\/v2\/pages\/74\/revisions\/211"}],"wp:attachment":[{"href":"https:\/\/elitlak.hu\/index.php?rest_route=%2Fwp%2Fv2%2Fmedia&parent=74"}],"curies":[{"name":"wp","href":"https:\/\/api.w.org\/{rel}","templated":true}]}}