{"id":80,"date":"2021-07-13T17:45:02","date_gmt":"2021-07-13T17:45:02","guid":{"rendered":"https:\/\/elitlak.hu\/?page_id=80"},"modified":"2021-09-16T08:40:56","modified_gmt":"2021-09-16T08:40:56","slug":"egyszeru-fahazak-szerszamtarolok","status":"publish","type":"page","link":"https:\/\/elitlak.hu\/?page_id=80","title":{"rendered":"Egyszer\u0171 fah\u00e1zak, szersz\u00e1m t\u00e1rol\u00f3k"},"content":{"rendered":"\n<p>Tudunk<strong><em> <\/em><\/strong>\u00f6nnek k\u00e9sz\u00edteni szersz\u00e1m t\u00e1rol\u00f3t, ker\u00e9kp\u00e1r t\u00e1rol\u00f3t, gar\u00e1zst.Egyszer\u0171 fah\u00e1zainkat szigetelve, f\u0171thet\u0151re is k\u00e9sz\u00edthetj\u00fck.Egyedi m\u00e9ret alapj\u00e1n, rendel\u00e9sre, alapanyag \u00e9s kivitelez\u00e9si \u00e1rak egyeztet\u00e9se ut\u00e1n dolgozunk.<\/p>\n\n\n\n<p>Fah\u00e1zainkat gerenda v\u00e1zzal er\u0151s k\u00f6t\u00e9sekkel k\u00e9sz\u00edtj\u00fck, \u00edgy \u00e9vtizedekig eszt\u00e9tikus \u00e9s j\u00f3l haszn\u00e1lhat\u00f3 lesz.A v\u00e1zra az \u00f6n \u00e1ltal k\u00e9rt k\u00fcls\u0151 bor\u00edt\u00e1st tessz\u00fck, ig\u00e9nyes r\u00f6gz\u00edt\u00e9si m\u00f3ddal.<\/p>\n\n\n\n<figure class=\"wp-block-image size-full is-resized\"><img loading=\"lazy\" decoding=\"async\" src=\"https:\/\/elitlak.hu\/wp-content\/uploads\/2021\/08\/Ronkhaz-profil-jo.jpg\" alt=\"\" class=\"wp-image-159\" width=\"369\" height=\"259\" srcset=\"https:\/\/elitlak.hu\/wp-content\/uploads\/2021\/08\/Ronkhaz-profil-jo.jpg 787w, https:\/\/elitlak.hu\/wp-content\/uploads\/2021\/08\/Ronkhaz-profil-jo-300x210.jpg 300w, https:\/\/elitlak.hu\/wp-content\/uploads\/2021\/08\/Ronkhaz-profil-jo-768x539.jpg 768w\" sizes=\"auto, (max-width: 369px) 100vw, 369px\" \/><\/figure>\n\n\n\n<figure class=\"wp-block-image size-full is-resized\"><img loading=\"lazy\" decoding=\"async\" src=\"https:\/\/elitlak.hu\/wp-content\/uploads\/2021\/08\/Lamberia.jpg\" alt=\"\" class=\"wp-image-161\" width=\"368\" height=\"245\" srcset=\"https:\/\/elitlak.hu\/wp-content\/uploads\/2021\/08\/Lamberia.jpg 1000w, https:\/\/elitlak.hu\/wp-content\/uploads\/2021\/08\/Lamberia-300x200.jpg 300w, https:\/\/elitlak.hu\/wp-content\/uploads\/2021\/08\/Lamberia-768x511.jpg 768w, https:\/\/elitlak.hu\/wp-content\/uploads\/2021\/08\/Lamberia-150x100.jpg 150w\" sizes=\"auto, (max-width: 368px) 100vw, 368px\" \/><\/figure>\n","protected":false},"excerpt":{"rendered":"<p>Tudunk \u00f6nnek k\u00e9sz\u00edteni szersz\u00e1m t\u00e1rol\u00f3t, ker\u00e9kp\u00e1r t\u00e1rol\u00f3t, gar\u00e1zst.Egyszer\u0171 fah\u00e1zainkat szigetelve, f\u0171thet\u0151re is k\u00e9sz\u00edthetj\u00fck.Egyedi m\u00e9ret alapj\u00e1n, rendel\u00e9sre, alapanyag \u00e9s kivitelez\u00e9si \u00e1rak egyeztet\u00e9se ut\u00e1n dolgozunk. Fah\u00e1zainkat gerenda v\u00e1zzal er\u0151s k\u00f6t\u00e9sekkel k\u00e9sz\u00edtj\u00fck, \u00edgy \u00e9vtizedekig eszt\u00e9tikus \u00e9s j\u00f3l haszn\u00e1lhat\u00f3 lesz.A v\u00e1zra az \u00f6n \u00e1ltal k\u00e9rt k\u00fcls\u0151 bor\u00edt\u00e1st tessz\u00fck, ig\u00e9nyes r\u00f6gz\u00edt\u00e9si m\u00f3ddal.<\/p>\n","protected":false},"author":1,"featured_media":0,"parent":0,"menu_order":0,"comment_status":"closed","ping_status":"closed","template":"","meta":{"footnotes":""},"class_list":["post-80","page","type-page","status-publish","hentry"],"yoast_head":"<!-- This site is optimized with the Yoast SEO plugin v16.7 - https:\/\/yoast.com\/wordpress\/plugins\/seo\/ -->\n<title>Egyszer\u0171 fah\u00e1zak, szersz\u00e1m t\u00e1rol\u00f3k - Elit-lak<\/title>\n<meta name=\"robots\" content=\"noindex, follow, max-snippet:-1, max-image-preview:large, max-video-preview:-1\" \/>\n<meta property=\"og:locale\" content=\"hu_HU\" \/>\n<meta property=\"og:type\" content=\"article\" \/>\n<meta property=\"og:title\" content=\"Egyszer\u0171 fah\u00e1zak, szersz\u00e1m t\u00e1rol\u00f3k - Elit-lak\" \/>\n<meta property=\"og:description\" content=\"Tudunk \u00f6nnek k\u00e9sz\u00edteni szersz\u00e1m t\u00e1rol\u00f3t, ker\u00e9kp\u00e1r t\u00e1rol\u00f3t, gar\u00e1zst.Egyszer\u0171 fah\u00e1zainkat szigetelve, f\u0171thet\u0151re is k\u00e9sz\u00edthetj\u00fck.Egyedi m\u00e9ret alapj\u00e1n, rendel\u00e9sre, alapanyag \u00e9s kivitelez\u00e9si \u00e1rak egyeztet\u00e9se ut\u00e1n dolgozunk. Fah\u00e1zainkat gerenda v\u00e1zzal er\u0151s k\u00f6t\u00e9sekkel k\u00e9sz\u00edtj\u00fck, \u00edgy \u00e9vtizedekig eszt\u00e9tikus \u00e9s j\u00f3l haszn\u00e1lhat\u00f3 lesz.A v\u00e1zra az \u00f6n \u00e1ltal k\u00e9rt k\u00fcls\u0151 bor\u00edt\u00e1st tessz\u00fck, ig\u00e9nyes r\u00f6gz\u00edt\u00e9si m\u00f3ddal.\" \/>\n<meta property=\"og:url\" content=\"https:\/\/elitlak.hu\/?page_id=80\" \/>\n<meta property=\"og:site_name\" content=\"Elit-lak\" \/>\n<meta property=\"article:modified_time\" content=\"2021-09-16T08:40:56+00:00\" \/>\n<meta property=\"og:image\" content=\"https:\/\/elitlak.hu\/wp-content\/uploads\/2021\/08\/Ronkhaz-profil-jo.jpg\" \/>\n<meta name=\"twitter:card\" content=\"summary_large_image\" \/>\n<meta name=\"twitter:label1\" content=\"Becs\u00fclt olvas\u00e1si id\u0151\" \/>\n\t<meta name=\"twitter:data1\" content=\"1 perc\" \/>\n<script type=\"application\/ld+json\" class=\"yoast-schema-graph\">{\"@context\":\"https:\/\/schema.org\",\"@graph\":[{\"@type\":\"WebSite\",\"@id\":\"https:\/\/elitlak.hu\/#website\",\"url\":\"https:\/\/elitlak.hu\/\",\"name\":\"Elit-lak\",\"description\":\"\",\"potentialAction\":[{\"@type\":\"SearchAction\",\"target\":{\"@type\":\"EntryPoint\",\"urlTemplate\":\"https:\/\/elitlak.hu\/?s={search_term_string}\"},\"query-input\":\"required name=search_term_string\"}],\"inLanguage\":\"hu\"},{\"@type\":\"ImageObject\",\"@id\":\"https:\/\/elitlak.hu\/?page_id=80#primaryimage\",\"inLanguage\":\"hu\",\"url\":\"https:\/\/elitlak.hu\/wp-content\/uploads\/2021\/08\/Ronkhaz-profil-jo.jpg\",\"contentUrl\":\"https:\/\/elitlak.hu\/wp-content\/uploads\/2021\/08\/Ronkhaz-profil-jo.jpg\",\"width\":787,\"height\":552},{\"@type\":\"WebPage\",\"@id\":\"https:\/\/elitlak.hu\/?page_id=80#webpage\",\"url\":\"https:\/\/elitlak.hu\/?page_id=80\",\"name\":\"Egyszer\\u0171 fah\\u00e1zak, szersz\\u00e1m t\\u00e1rol\\u00f3k - Elit-lak\",\"isPartOf\":{\"@id\":\"https:\/\/elitlak.hu\/#website\"},\"primaryImageOfPage\":{\"@id\":\"https:\/\/elitlak.hu\/?page_id=80#primaryimage\"},\"datePublished\":\"2021-07-13T17:45:02+00:00\",\"dateModified\":\"2021-09-16T08:40:56+00:00\",\"breadcrumb\":{\"@id\":\"https:\/\/elitlak.hu\/?page_id=80#breadcrumb\"},\"inLanguage\":\"hu\",\"potentialAction\":[{\"@type\":\"ReadAction\",\"target\":[\"https:\/\/elitlak.hu\/?page_id=80\"]}]},{\"@type\":\"BreadcrumbList\",\"@id\":\"https:\/\/elitlak.hu\/?page_id=80#breadcrumb\",\"itemListElement\":[{\"@type\":\"ListItem\",\"position\":1,\"name\":\"Kezd\\u0151lap\",\"item\":\"https:\/\/elitlak.hu\/\"},{\"@type\":\"ListItem\",\"position\":2,\"name\":\"Egyszer\\u0171 fah\\u00e1zak, szersz\\u00e1m t\\u00e1rol\\u00f3k\"}]}]}<\/script>\n<!-- \/ Yoast SEO plugin. -->","yoast_head_json":{"title":"Egyszer\u0171 fah\u00e1zak, szersz\u00e1m t\u00e1rol\u00f3k - Elit-lak","robots":{"index":"noindex","follow":"follow","max-snippet":"max-snippet:-1","max-image-preview":"max-image-preview:large","max-video-preview":"max-video-preview:-1"},"og_locale":"hu_HU","og_type":"article","og_title":"Egyszer\u0171 fah\u00e1zak, szersz\u00e1m t\u00e1rol\u00f3k - Elit-lak","og_description":"Tudunk \u00f6nnek k\u00e9sz\u00edteni szersz\u00e1m t\u00e1rol\u00f3t, ker\u00e9kp\u00e1r t\u00e1rol\u00f3t, gar\u00e1zst.Egyszer\u0171 fah\u00e1zainkat szigetelve, f\u0171thet\u0151re is k\u00e9sz\u00edthetj\u00fck.Egyedi m\u00e9ret alapj\u00e1n, rendel\u00e9sre, alapanyag \u00e9s kivitelez\u00e9si \u00e1rak egyeztet\u00e9se ut\u00e1n dolgozunk. Fah\u00e1zainkat gerenda v\u00e1zzal er\u0151s k\u00f6t\u00e9sekkel k\u00e9sz\u00edtj\u00fck, \u00edgy \u00e9vtizedekig eszt\u00e9tikus \u00e9s j\u00f3l haszn\u00e1lhat\u00f3 lesz.A v\u00e1zra az \u00f6n \u00e1ltal k\u00e9rt k\u00fcls\u0151 bor\u00edt\u00e1st tessz\u00fck, ig\u00e9nyes r\u00f6gz\u00edt\u00e9si m\u00f3ddal.","og_url":"https:\/\/elitlak.hu\/?page_id=80","og_site_name":"Elit-lak","article_modified_time":"2021-09-16T08:40:56+00:00","og_image":[{"url":"https:\/\/elitlak.hu\/wp-content\/uploads\/2021\/08\/Ronkhaz-profil-jo.jpg"}],"twitter_card":"summary_large_image","twitter_misc":{"Becs\u00fclt olvas\u00e1si id\u0151":"1 perc"},"schema":{"@context":"https:\/\/schema.org","@graph":[{"@type":"WebSite","@id":"https:\/\/elitlak.hu\/#website","url":"https:\/\/elitlak.hu\/","name":"Elit-lak","description":"","potentialAction":[{"@type":"SearchAction","target":{"@type":"EntryPoint","urlTemplate":"https:\/\/elitlak.hu\/?s={search_term_string}"},"query-input":"required name=search_term_string"}],"inLanguage":"hu"},{"@type":"ImageObject","@id":"https:\/\/elitlak.hu\/?page_id=80#primaryimage","inLanguage":"hu","url":"https:\/\/elitlak.hu\/wp-content\/uploads\/2021\/08\/Ronkhaz-profil-jo.jpg","contentUrl":"https:\/\/elitlak.hu\/wp-content\/uploads\/2021\/08\/Ronkhaz-profil-jo.jpg","width":787,"height":552},{"@type":"WebPage","@id":"https:\/\/elitlak.hu\/?page_id=80#webpage","url":"https:\/\/elitlak.hu\/?page_id=80","name":"Egyszer\u0171 fah\u00e1zak, szersz\u00e1m t\u00e1rol\u00f3k - Elit-lak","isPartOf":{"@id":"https:\/\/elitlak.hu\/#website"},"primaryImageOfPage":{"@id":"https:\/\/elitlak.hu\/?page_id=80#primaryimage"},"datePublished":"2021-07-13T17:45:02+00:00","dateModified":"2021-09-16T08:40:56+00:00","breadcrumb":{"@id":"https:\/\/elitlak.hu\/?page_id=80#breadcrumb"},"inLanguage":"hu","potentialAction":[{"@type":"ReadAction","target":["https:\/\/elitlak.hu\/?page_id=80"]}]},{"@type":"BreadcrumbList","@id":"https:\/\/elitlak.hu\/?page_id=80#breadcrumb","itemListElement":[{"@type":"ListItem","position":1,"name":"Kezd\u0151lap","item":"https:\/\/elitlak.hu\/"},{"@type":"ListItem","position":2,"name":"Egyszer\u0171 fah\u00e1zak, szersz\u00e1m t\u00e1rol\u00f3k"}]}]}},"_links":{"self":[{"href":"https:\/\/elitlak.hu\/index.php?rest_route=\/wp\/v2\/pages\/80","targetHints":{"allow":["GET"]}}],"collection":[{"href":"https:\/\/elitlak.hu\/index.php?rest_route=\/wp\/v2\/pages"}],"about":[{"href":"https:\/\/elitlak.hu\/index.php?rest_route=\/wp\/v2\/types\/page"}],"author":[{"embeddable":true,"href":"https:\/\/elitlak.hu\/index.php?rest_route=\/wp\/v2\/users\/1"}],"replies":[{"embeddable":true,"href":"https:\/\/elitlak.hu\/index.php?rest_route=%2Fwp%2Fv2%2Fcomments&post=80"}],"version-history":[{"count":9,"href":"https:\/\/elitlak.hu\/index.php?rest_route=\/wp\/v2\/pages\/80\/revisions"}],"predecessor-version":[{"id":209,"href":"https:\/\/elitlak.hu\/index.php?rest_route=\/wp\/v2\/pages\/80\/revisions\/209"}],"wp:attachment":[{"href":"https:\/\/elitlak.hu\/index.php?rest_route=%2Fwp%2Fv2%2Fmedia&parent=80"}],"curies":[{"name":"wp","href":"https:\/\/api.w.org\/{rel}","templated":true}]}}